{"id":88,"date":"2025-05-20T15:09:40","date_gmt":"2025-05-20T15:09:40","guid":{"rendered":"https:\/\/web.nogoya.gob.ar\/?page_id=88"},"modified":"2025-06-03T13:45:46","modified_gmt":"2025-06-03T13:45:46","slug":"vehiculos","status":"publish","type":"page","link":"https:\/\/web.nogoya.gob.ar\/index.php\/pagina-principal\/vehiculos\/","title":{"rendered":"Veh\u00edculos"},"content":{"rendered":"\t\t<div data-elementor-type=\"wp-page\" data-elementor-id=\"88\" class=\"elementor elementor-88\" data-elementor-post-type=\"page\">\n\t\t\t\t<div class=\"elementor-element elementor-element-28b7a88 e-flex e-con-boxed e-con e-parent\" data-id=\"28b7a88\" data-element_type=\"container\">\n\t\t\t\t\t<div class=\"e-con-inner\">\n\t\t\t\t<div class=\"elementor-element elementor-element-be89c03 elementor-widget elementor-widget-heading\" data-id=\"be89c03\" data-element_type=\"widget\" data-widget_type=\"heading.default\">\n\t\t\t\t<div class=\"elementor-widget-container\">\n\t\t\t\t\t<p class=\"elementor-heading-title elementor-size-default\">Ponemos a disposici\u00f3n de los ciudadanos una serie de servicios fundamentales para garantizar una circulaci\u00f3n ordenada, segura y conforme a la normativa vigente.<\/p>\t\t\t\t<\/div>\n\t\t\t\t<\/div>\n\t\t\t\t\t<\/div>\n\t\t\t\t<\/div>\n\t\t<div class=\"elementor-element elementor-element-eb2cf5f e-flex e-con-boxed e-con e-parent\" data-id=\"eb2cf5f\" data-element_type=\"container\">\n\t\t\t\t\t<div class=\"e-con-inner\">\n\t\t<div class=\"elementor-element elementor-element-0dbb1ac e-con-full e-flex e-con e-child\" data-id=\"0dbb1ac\" data-element_type=\"container\">\n\t\t<div class=\"elementor-element elementor-element-986f5c2 e-con-full e-flex elementor-invisible e-con e-child\" data-id=\"986f5c2\" data-element_type=\"container\" data-settings=\"{&quot;animation&quot;:&quot;fadeInUp&quot;}\">\n\t\t\t\t<div class=\"elementor-element elementor-element-eb71d77 elementor-widget elementor-widget-image\" data-id=\"eb71d77\" data-element_type=\"widget\" data-widget_type=\"image.default\">\n\t\t\t\t<div class=\"elementor-widget-container\">\n\t\t\t\t\t\t\t\t\t\t\t\t\t\t\t<img decoding=\"async\" width=\"96\" height=\"96\" src=\"https:\/\/web.nogoya.gob.ar\/wp-content\/uploads\/2025\/06\/explicit_96dp_208B4E_FILL0_wght400_GRAD0_opsz48.png\" class=\"attachment-thumbnail size-thumbnail wp-image-401\" alt=\"\" \/>\t\t\t\t\t\t\t\t\t\t\t\t\t\t\t<\/div>\n\t\t\t\t<\/div>\n\t\t\t\t<div class=\"elementor-element elementor-element-258beb7 elementor-widget elementor-widget-heading\" data-id=\"258beb7\" data-element_type=\"widget\" data-widget_type=\"heading.default\">\n\t\t\t\t<div class=\"elementor-widget-container\">\n\t\t\t\t\t<h5 class=\"elementor-heading-title elementor-size-default\"><a href=\"https:\/\/nogoya.movilparking.com\/web\/\">S.E.M<\/a><\/h5>\t\t\t\t<\/div>\n\t\t\t\t<\/div>\n\t\t\t\t<div class=\"elementor-element elementor-element-47a6bb1 elementor-widget elementor-widget-heading\" data-id=\"47a6bb1\" data-element_type=\"widget\" data-widget_type=\"heading.default\">\n\t\t\t\t<div class=\"elementor-widget-container\">\n\t\t\t\t\t<p class=\"elementor-heading-title elementor-size-default\">Sistema de Estacionamiento Medido<\/p>\t\t\t\t<\/div>\n\t\t\t\t<\/div>\n\t\t\t\t<\/div>\n\t\t<div class=\"elementor-element elementor-element-fdf442b e-con-full e-flex elementor-invisible e-con e-child\" data-id=\"fdf442b\" data-element_type=\"container\" data-settings=\"{&quot;animation&quot;:&quot;fadeInUp&quot;}\">\n\t\t\t\t<div class=\"elementor-element elementor-element-1fdb33e elementor-widget elementor-widget-image\" data-id=\"1fdb33e\" data-element_type=\"widget\" data-widget_type=\"image.default\">\n\t\t\t\t<div class=\"elementor-widget-container\">\n\t\t\t\t\t\t\t\t\t\t\t\t\t\t\t<img decoding=\"async\" width=\"96\" height=\"96\" src=\"https:\/\/web.nogoya.gob.ar\/wp-content\/uploads\/2025\/06\/id_card_96dp_208B4E_FILL0_wght400_GRAD0_opsz48.png\" class=\"attachment-thumbnail size-thumbnail wp-image-402\" alt=\"\" \/>\t\t\t\t\t\t\t\t\t\t\t\t\t\t\t<\/div>\n\t\t\t\t<\/div>\n\t\t\t\t<div class=\"elementor-element elementor-element-c445092 elementor-widget elementor-widget-heading\" data-id=\"c445092\" data-element_type=\"widget\" data-widget_type=\"heading.default\">\n\t\t\t\t<div class=\"elementor-widget-container\">\n\t\t\t\t\t<h5 class=\"elementor-heading-title elementor-size-default\"><a href=\"https:\/\/web.nogoya.gob.ar\/index.php\/pagina-principal\/vehiculos\/licencia-de-conducir\/\">Licencia de Conducir<\/a><\/h5>\t\t\t\t<\/div>\n\t\t\t\t<\/div>\n\t\t\t\t<div class=\"elementor-element elementor-element-895ca26 elementor-widget elementor-widget-heading\" data-id=\"895ca26\" data-element_type=\"widget\" data-widget_type=\"heading.default\">\n\t\t\t\t<div class=\"elementor-widget-container\">\n\t\t\t\t\t<p class=\"elementor-heading-title elementor-size-default\">Requisistos necesarios para obtener Licencia Nacional<\/p>\t\t\t\t<\/div>\n\t\t\t\t<\/div>\n\t\t\t\t<\/div>\n\t\t<div class=\"elementor-element elementor-element-9297df5 e-con-full e-flex elementor-invisible e-con e-child\" data-id=\"9297df5\" data-element_type=\"container\" data-settings=\"{&quot;animation&quot;:&quot;fadeInUp&quot;}\">\n\t\t\t\t<div class=\"elementor-element elementor-element-63ea48b elementor-widget elementor-widget-image\" data-id=\"63ea48b\" data-element_type=\"widget\" data-widget_type=\"image.default\">\n\t\t\t\t<div class=\"elementor-widget-container\">\n\t\t\t\t\t\t\t\t\t\t\t\t\t\t\t<img decoding=\"async\" width=\"96\" height=\"96\" src=\"https:\/\/web.nogoya.gob.ar\/wp-content\/uploads\/2025\/06\/pin_96dp_208B4E_FILL0_wght400_GRAD0_opsz48.png\" class=\"attachment-thumbnail size-thumbnail wp-image-403\" alt=\"\" \/>\t\t\t\t\t\t\t\t\t\t\t\t\t\t\t<\/div>\n\t\t\t\t<\/div>\n\t\t\t\t<div class=\"elementor-element elementor-element-7b7dcd2 elementor-widget elementor-widget-heading\" data-id=\"7b7dcd2\" data-element_type=\"widget\" data-widget_type=\"heading.default\">\n\t\t\t\t<div class=\"elementor-widget-container\">\n\t\t\t\t\t<h5 class=\"elementor-heading-title elementor-size-default\"><a href=\"https:\/\/www.ater.gob.ar\/ater2\/Rav\/DatosReimpEmb1.asp\">Patente<\/a><\/h5>\t\t\t\t<\/div>\n\t\t\t\t<\/div>\n\t\t\t\t<div class=\"elementor-element elementor-element-e486f10 elementor-widget elementor-widget-heading\" data-id=\"e486f10\" data-element_type=\"widget\" data-widget_type=\"heading.default\">\n\t\t\t\t<div class=\"elementor-widget-container\">\n\t\t\t\t\t<p class=\"elementor-heading-title elementor-size-default\">Obten\u00e9 informaci\u00f3n sobre la patente de t\u00fa veh\u00edculo<\/p>\t\t\t\t<\/div>\n\t\t\t\t<\/div>\n\t\t\t\t<\/div>\n\t\t\t\t<\/div>\n\t\t\t\t\t<\/div>\n\t\t\t\t<\/div>\n\t\t\t\t<\/div>\n\t\t","protected":false},"excerpt":{"rendered":"<p>Ponemos a disposici\u00f3n de los ciudadanos una serie de servicios fundamentales para garantizar una circulaci\u00f3n ordenada, segura y conforme a la normativa vigente. S.E.M Sistema de Estacionamiento Medido Licencia de [&hellip;]<\/p>\n","protected":false},"author":1,"featured_media":0,"parent":15,"menu_order":1,"comment_status":"closed","ping_status":"closed","template":"","meta":{"footnotes":""},"class_list":["post-88","page","type-page","status-publish","czr-hentry"],"_links":{"self":[{"href":"https:\/\/web.nogoya.gob.ar\/index.php\/wp-json\/wp\/v2\/pages\/88","targetHints":{"allow":["GET"]}}],"collection":[{"href":"https:\/\/web.nogoya.gob.ar\/index.php\/wp-json\/wp\/v2\/pages"}],"about":[{"href":"https:\/\/web.nogoya.gob.ar\/index.php\/wp-json\/wp\/v2\/types\/page"}],"author":[{"embeddable":true,"href":"https:\/\/web.nogoya.gob.ar\/index.php\/wp-json\/wp\/v2\/users\/1"}],"replies":[{"embeddable":true,"href":"https:\/\/web.nogoya.gob.ar\/index.php\/wp-json\/wp\/v2\/comments?post=88"}],"version-history":[{"count":29,"href":"https:\/\/web.nogoya.gob.ar\/index.php\/wp-json\/wp\/v2\/pages\/88\/revisions"}],"predecessor-version":[{"id":477,"href":"https:\/\/web.nogoya.gob.ar\/index.php\/wp-json\/wp\/v2\/pages\/88\/revisions\/477"}],"up":[{"embeddable":true,"href":"https:\/\/web.nogoya.gob.ar\/index.php\/wp-json\/wp\/v2\/pages\/15"}],"wp:attachment":[{"href":"https:\/\/web.nogoya.gob.ar\/index.php\/wp-json\/wp\/v2\/media?parent=88"}],"curies":[{"name":"wp","href":"https:\/\/api.w.org\/{rel}","templated":true}]}}