{"id":102,"date":"2025-05-21T13:53:41","date_gmt":"2025-05-21T13:53:41","guid":{"rendered":"https:\/\/web.nogoya.gob.ar\/?page_id=102"},"modified":"2025-06-03T13:48:05","modified_gmt":"2025-06-03T13:48:05","slug":"licencia-de-conducir","status":"publish","type":"page","link":"https:\/\/web.nogoya.gob.ar\/index.php\/pagina-principal\/vehiculos\/licencia-de-conducir\/","title":{"rendered":"Licencia de conducir"},"content":{"rendered":"\t\t<div data-elementor-type=\"wp-page\" data-elementor-id=\"102\" class=\"elementor elementor-102\" data-elementor-post-type=\"page\">\n\t\t\t\t<div class=\"elementor-element elementor-element-8574885 e-flex e-con-boxed e-con e-parent\" data-id=\"8574885\" data-element_type=\"container\">\n\t\t\t\t\t<div class=\"e-con-inner\">\n\t\t\t\t<div class=\"elementor-element elementor-element-49b4508 elementor-widget elementor-widget-heading\" data-id=\"49b4508\" data-element_type=\"widget\" data-widget_type=\"heading.default\">\n\t\t\t\t<div class=\"elementor-widget-container\">\n\t\t\t\t\t<p class=\"elementor-heading-title elementor-size-default\">Consult\u00e1 los requisitos correspondientes seleccionando la opci\u00f3n que aplique a tu caso.<\/p>\t\t\t\t<\/div>\n\t\t\t\t<\/div>\n\t\t\t\t\t<\/div>\n\t\t\t\t<\/div>\n\t\t<div class=\"elementor-element elementor-element-96ea2ca e-con-full e-flex e-con e-parent\" data-id=\"96ea2ca\" data-element_type=\"container\">\n\t\t<div class=\"elementor-element elementor-element-800c006 e-con-full e-flex elementor-invisible e-con e-child\" data-id=\"800c006\" data-element_type=\"container\" data-settings=\"{&quot;animation&quot;:&quot;fadeInUp&quot;}\">\n\t\t\t\t<div class=\"elementor-element elementor-element-141629a elementor-widget elementor-widget-image\" data-id=\"141629a\" data-element_type=\"widget\" data-widget_type=\"image.default\">\n\t\t\t\t<div class=\"elementor-widget-container\">\n\t\t\t\t\t\t\t\t\t\t\t\t\t\t\t<img decoding=\"async\" width=\"96\" height=\"96\" src=\"https:\/\/web.nogoya.gob.ar\/wp-content\/uploads\/2025\/06\/directions_car_96dp_208B4E_FILL0_wght400_GRAD0_opsz48.png\" class=\"attachment-thumbnail size-thumbnail wp-image-411\" alt=\"\" \/>\t\t\t\t\t\t\t\t\t\t\t\t\t\t\t<\/div>\n\t\t\t\t<\/div>\n\t\t\t\t<div class=\"elementor-element elementor-element-8f2e031 elementor-widget elementor-widget-heading\" data-id=\"8f2e031\" data-element_type=\"widget\" data-widget_type=\"heading.default\">\n\t\t\t\t<div class=\"elementor-widget-container\">\n\t\t\t\t\t<p class=\"elementor-heading-title elementor-size-default\"><a href=\"https:\/\/web.nogoya.gob.ar\/index.php\/licencia-de-conducir\/primera-vez-auto-motocicleta\/\">Primera vez auto y\/o motocicleta<\/a><\/p>\t\t\t\t<\/div>\n\t\t\t\t<\/div>\n\t\t\t\t<\/div>\n\t\t<div class=\"elementor-element elementor-element-b2bd147 e-con-full e-flex elementor-invisible e-con e-child\" data-id=\"b2bd147\" data-element_type=\"container\" data-settings=\"{&quot;animation&quot;:&quot;fadeInUp&quot;}\">\n\t\t\t\t<div class=\"elementor-element elementor-element-f9af0f2 elementor-widget elementor-widget-image\" data-id=\"f9af0f2\" data-element_type=\"widget\" data-widget_type=\"image.default\">\n\t\t\t\t<div class=\"elementor-widget-container\">\n\t\t\t\t\t\t\t\t\t\t\t\t\t\t\t<img decoding=\"async\" width=\"96\" height=\"96\" src=\"https:\/\/web.nogoya.gob.ar\/wp-content\/uploads\/2025\/06\/local_shipping_96dp_208B4E_FILL0_wght400_GRAD0_opsz48.png\" class=\"attachment-thumbnail size-thumbnail wp-image-412\" alt=\"\" \/>\t\t\t\t\t\t\t\t\t\t\t\t\t\t\t<\/div>\n\t\t\t\t<\/div>\n\t\t\t\t<div class=\"elementor-element elementor-element-7e40414 elementor-widget elementor-widget-heading\" data-id=\"7e40414\" data-element_type=\"widget\" data-widget_type=\"heading.default\">\n\t\t\t\t<div class=\"elementor-widget-container\">\n\t\t\t\t\t<p class=\"elementor-heading-title elementor-size-default\"><a href=\"https:\/\/web.nogoya.gob.ar\/index.php\/licencia-de-conducir\/primera-vez-camion-2\/\">Primera vez cami\u00f3n<\/a><\/p>\t\t\t\t<\/div>\n\t\t\t\t<\/div>\n\t\t\t\t<\/div>\n\t\t<div class=\"elementor-element elementor-element-d7a8f7d e-con-full e-flex elementor-invisible e-con e-child\" data-id=\"d7a8f7d\" data-element_type=\"container\" data-settings=\"{&quot;animation&quot;:&quot;fadeInUp&quot;}\">\n\t\t\t\t<div class=\"elementor-element elementor-element-14f91de elementor-widget elementor-widget-image\" data-id=\"14f91de\" data-element_type=\"widget\" data-widget_type=\"image.default\">\n\t\t\t\t<div class=\"elementor-widget-container\">\n\t\t\t\t\t\t\t\t\t\t\t\t\t\t\t<img decoding=\"async\" width=\"96\" height=\"96\" src=\"https:\/\/web.nogoya.gob.ar\/wp-content\/uploads\/2025\/06\/two_wheeler_96dp_208B4E_FILL0_wght400_GRAD0_opsz48.png\" class=\"attachment-thumbnail size-thumbnail wp-image-413\" alt=\"\" \/>\t\t\t\t\t\t\t\t\t\t\t\t\t\t\t<\/div>\n\t\t\t\t<\/div>\n\t\t\t\t<div class=\"elementor-element elementor-element-4614a7c elementor-widget elementor-widget-heading\" data-id=\"4614a7c\" data-element_type=\"widget\" data-widget_type=\"heading.default\">\n\t\t\t\t<div class=\"elementor-widget-container\">\n\t\t\t\t\t<p class=\"elementor-heading-title elementor-size-default\"><a href=\"https:\/\/web.nogoya.gob.ar\/index.php\/pagina-principal\/vehiculos\/licencia-de-conducir\/renovacion-motocicleta\/\">Renovaci\u00f3n Motocicleta y\/o Auto<\/a><\/p>\t\t\t\t<\/div>\n\t\t\t\t<\/div>\n\t\t\t\t<\/div>\n\t\t<div class=\"elementor-element elementor-element-a251252 e-con-full e-flex elementor-invisible e-con e-child\" data-id=\"a251252\" data-element_type=\"container\" data-settings=\"{&quot;animation&quot;:&quot;fadeInUp&quot;}\">\n\t\t\t\t<div class=\"elementor-element elementor-element-692ec5d elementor-widget elementor-widget-image\" data-id=\"692ec5d\" data-element_type=\"widget\" data-widget_type=\"image.default\">\n\t\t\t\t<div class=\"elementor-widget-container\">\n\t\t\t\t\t\t\t\t\t\t\t\t\t\t\t<img loading=\"lazy\" decoding=\"async\" width=\"96\" height=\"96\" src=\"https:\/\/web.nogoya.gob.ar\/wp-content\/uploads\/2025\/06\/delivery_truck_speed_96dp_208B4E_FILL0_wght400_GRAD0_opsz48.png\" class=\"attachment-thumbnail size-thumbnail wp-image-417\" alt=\"\" \/>\t\t\t\t\t\t\t\t\t\t\t\t\t\t\t<\/div>\n\t\t\t\t<\/div>\n\t\t\t\t<div class=\"elementor-element elementor-element-e2b2003 elementor-widget elementor-widget-heading\" data-id=\"e2b2003\" data-element_type=\"widget\" data-widget_type=\"heading.default\">\n\t\t\t\t<div class=\"elementor-widget-container\">\n\t\t\t\t\t<p class=\"elementor-heading-title elementor-size-default\"><a href=\"https:\/\/web.nogoya.gob.ar\/index.php\/renovacion-camion\/\">Renovaci\u00f3n Cami\u00f3n<\/a><\/p>\t\t\t\t<\/div>\n\t\t\t\t<\/div>\n\t\t\t\t<\/div>\n\t\t<div class=\"elementor-element elementor-element-661e99e e-con-full e-flex elementor-invisible e-con e-child\" data-id=\"661e99e\" data-element_type=\"container\" data-settings=\"{&quot;animation&quot;:&quot;fadeInUp&quot;}\">\n\t\t\t\t<div class=\"elementor-element elementor-element-f323e12 elementor-widget elementor-widget-image\" data-id=\"f323e12\" data-element_type=\"widget\" data-widget_type=\"image.default\">\n\t\t\t\t<div class=\"elementor-widget-container\">\n\t\t\t\t\t\t\t\t\t\t\t\t\t\t\t<img loading=\"lazy\" decoding=\"async\" width=\"96\" height=\"96\" src=\"https:\/\/web.nogoya.gob.ar\/wp-content\/uploads\/2025\/06\/airport_shuttle_96dp_208B4E_FILL0_wght400_GRAD0_opsz48.png\" class=\"attachment-thumbnail size-thumbnail wp-image-418\" alt=\"\" \/>\t\t\t\t\t\t\t\t\t\t\t\t\t\t\t<\/div>\n\t\t\t\t<\/div>\n\t\t\t\t<div class=\"elementor-element elementor-element-7ae22db elementor-widget elementor-widget-heading\" data-id=\"7ae22db\" data-element_type=\"widget\" data-widget_type=\"heading.default\">\n\t\t\t\t<div class=\"elementor-widget-container\">\n\t\t\t\t\t<p class=\"elementor-heading-title elementor-size-default\"><a href=\"https:\/\/web.nogoya.gob.ar\/index.php\/renovacion-transporte-de-pasajeros\/\">Renovaci\u00f3n transporte de Pasajeros<\/a><\/p>\t\t\t\t<\/div>\n\t\t\t\t<\/div>\n\t\t\t\t<\/div>\n\t\t<div class=\"elementor-element elementor-element-10da2cd e-con-full e-flex elementor-invisible e-con e-child\" data-id=\"10da2cd\" data-element_type=\"container\" data-settings=\"{&quot;animation&quot;:&quot;fadeInUp&quot;}\">\n\t\t\t\t<div class=\"elementor-element elementor-element-c38cea9 elementor-widget elementor-widget-image\" data-id=\"c38cea9\" data-element_type=\"widget\" data-widget_type=\"image.default\">\n\t\t\t\t<div class=\"elementor-widget-container\">\n\t\t\t\t\t\t\t\t\t\t\t\t\t\t\t<img loading=\"lazy\" decoding=\"async\" width=\"96\" height=\"96\" src=\"https:\/\/web.nogoya.gob.ar\/wp-content\/uploads\/2025\/06\/stethoscope_96dp_208B4E_FILL0_wght400_GRAD0_opsz48.png\" class=\"attachment-thumbnail size-thumbnail wp-image-419\" alt=\"\" \/>\t\t\t\t\t\t\t\t\t\t\t\t\t\t\t<\/div>\n\t\t\t\t<\/div>\n\t\t\t\t<div class=\"elementor-element elementor-element-40603ca elementor-widget elementor-widget-heading\" data-id=\"40603ca\" data-element_type=\"widget\" data-widget_type=\"heading.default\">\n\t\t\t\t<div class=\"elementor-widget-container\">\n\t\t\t\t\t<p class=\"elementor-heading-title elementor-size-default\"><a href=\"https:\/\/web.nogoya.gob.ar\/index.php\/medicos-habilitados\/\">M\u00e9dicos habilitados<\/a><\/p>\t\t\t\t<\/div>\n\t\t\t\t<\/div>\n\t\t\t\t<\/div>\n\t\t\t\t<\/div>\n\t\t\t\t<\/div>\n\t\t","protected":false},"excerpt":{"rendered":"<p>Consult\u00e1 los requisitos correspondientes seleccionando la opci\u00f3n que aplique a tu caso. Primera vez auto y\/o motocicleta Primera vez cami\u00f3n Renovaci\u00f3n Motocicleta y\/o Auto Renovaci\u00f3n Cami\u00f3n Renovaci\u00f3n transporte de Pasajeros [&hellip;]<\/p>\n","protected":false},"author":1,"featured_media":0,"parent":88,"menu_order":0,"comment_status":"closed","ping_status":"closed","template":"","meta":{"footnotes":""},"class_list":["post-102","page","type-page","status-publish","czr-hentry"],"_links":{"self":[{"href":"https:\/\/web.nogoya.gob.ar\/index.php\/wp-json\/wp\/v2\/pages\/102","targetHints":{"allow":["GET"]}}],"collection":[{"href":"https:\/\/web.nogoya.gob.ar\/index.php\/wp-json\/wp\/v2\/pages"}],"about":[{"href":"https:\/\/web.nogoya.gob.ar\/index.php\/wp-json\/wp\/v2\/types\/page"}],"author":[{"embeddable":true,"href":"https:\/\/web.nogoya.gob.ar\/index.php\/wp-json\/wp\/v2\/users\/1"}],"replies":[{"embeddable":true,"href":"https:\/\/web.nogoya.gob.ar\/index.php\/wp-json\/wp\/v2\/comments?post=102"}],"version-history":[{"count":52,"href":"https:\/\/web.nogoya.gob.ar\/index.php\/wp-json\/wp\/v2\/pages\/102\/revisions"}],"predecessor-version":[{"id":480,"href":"https:\/\/web.nogoya.gob.ar\/index.php\/wp-json\/wp\/v2\/pages\/102\/revisions\/480"}],"up":[{"embeddable":true,"href":"https:\/\/web.nogoya.gob.ar\/index.php\/wp-json\/wp\/v2\/pages\/88"}],"wp:attachment":[{"href":"https:\/\/web.nogoya.gob.ar\/index.php\/wp-json\/wp\/v2\/media?parent=102"}],"curies":[{"name":"wp","href":"https:\/\/api.w.org\/{rel}","templated":true}]}}